{"id":19,"date":"2019-11-20T09:16:35","date_gmt":"2019-11-20T09:16:35","guid":{"rendered":"https:\/\/adoperadape.it\/?page_id=19"},"modified":"2025-09-05T12:10:09","modified_gmt":"2025-09-05T10:10:09","slug":"how-it-works","status":"publish","type":"page","link":"https:\/\/adoperadape.it\/?page_id=19","title":{"rendered":"Noi e il miele"},"content":{"rendered":"<p><img decoding=\"async\" src=\"\/wp-content\/uploads\/2025\/06\/favicon.svg\" alt=\"\"><\/p>\n<h1>Noi e il miele<\/h1>\n<p><img decoding=\"async\" src=\"\/wp-content\/uploads\/2025\/09\/luigi-e-veronica.png\" alt=\"\"><\/p>\n<div>Ad Opera d&#8217;Ape<\/div>\n<h2>Chi siamo<\/h2>\n<hr>\n<div>\n<p>Siamo Luigi Tieri e Veronica Ciallella, una coppia nella vita e nel lavoro, uniti da una passione comune: le api e il miele di qualit\u00e0.<\/p>\n<p>Cos\u00ec \u00e8 nata Ad opera d\u2019Ape, la nostra azienda apistica con sede a Tornareccio, la \u201ccapitale abruzzese del miele\u201d. La nostra avventura \u00e8 iniziata con pochi sciami e tanta voglia di imparare.<\/p>\n<p>Oggi contiamo oltre 200 alveari e produciamo miele genuino, rispettando i ritmi della natura e la tradizione del nostro territorio.<\/p>\n<\/div>\n<ul>\n<li>\n<p>        <img decoding=\"async\" src=\"\/wp-content\/uploads\/2025\/09\/IMG-20190829-WA0002.jpg\" alt=\"\"><\/p>\n<\/li>\n<li>\n<p>        <img decoding=\"async\" src=\"\/wp-content\/uploads\/2025\/09\/IMG-20190829-WA0000.jpg\" alt=\"\"><\/p>\n<\/li>\n<\/ul>\n<h2>Le nostre radici<\/h2>\n<hr>\n<div>\n<p>Luigi, originario proprio di Tornareccio, ha respirato sin da piccolo il profumo dei fiori e il ronzio delle api. P<\/p>\n<p>ur non provenendo da una famiglia di apicoltori, ha scelto nel 2012 di intraprendere questo mestiere con dedizione e curiosit\u00e0, affiancando negli anni apicoltori esperti del posto, che gli hanno trasmesso tutto ci\u00f2 che oggi mette in pratica.<\/p>\n<\/div>\n<ul>\n<li>\n<p>        <img decoding=\"async\" src=\"\/wp-content\/uploads\/2025\/09\/IMG-20190921-WA0024.jpg\" alt=\"\"><\/p>\n<\/li>\n<li>\n<p>        <img decoding=\"async\" src=\"\/wp-content\/uploads\/2025\/09\/IMG-20190921-WA0017.jpg\" alt=\"\"><\/p>\n<\/li>\n<\/ul>\n<h2>Il cuore dell\u2019azienda<\/h2>\n<hr>\n<div>Veronica \u00e8 l\u2019anima operativa del laboratorio di via del Carmine: si occupa della lavorazione del miele in ogni fase \u2013 dalla disopercolatura all&#8217;invasettamento \u2013 con attenzione, precisione e amore per il dettaglio. Il laboratorio, ricavato da un ex garage e oggi completamente ristrutturato, \u00e8 il cuore pulsante della nostra azienda: un ambiente accogliente, conforme a tutte le normative, dove nasce il nostro miele.<\/div>\n<ul>\n<li>\n<p>        <img decoding=\"async\" src=\"\/wp-content\/uploads\/2025\/09\/nomadismo.jpg\" alt=\"\"><\/p>\n<\/li>\n<li>\n<p>        <img decoding=\"async\" src=\"\/wp-content\/uploads\/2025\/09\/IMG20210518201357.jpg\" alt=\"\"><\/p>\n<\/li>\n<\/ul>\n<h2>Il nostro metodo<\/h2>\n<hr>\n<div>\n<p><strong>Siamo apicoltori nomadi<\/strong>: spostiamo le arnie seguendo la fioritura delle diverse piante, dall\u2019acacia al girasole, dall\u2019arancio fino all\u2019eucalipto.<\/p>\n<p>Questo ci permette di offrire mieli monoflora unici, che rispecchiano fedelmente i profumi e i sapori dei luoghi in cui vengono raccolti.<\/p>\n<p>Il nomadismo richiede impegno, cura e attenzione costante, ma ci regala la soddisfazione di portare sulle vostre tavole la vera essenza della natura, in tutta la sua variet\u00e0.<\/p>\n<\/div>\n<h2>Il nostro miele<\/h2>\n<hr>\n<div>\n<p>Ad opera d\u2019Ape \u00e8 molto pi\u00f9 di un\u2019impresa: \u00e8 il frutto di un sogno condiviso, cresciuto lentamente ma con costanza, guidato dalla passione per il lavoro artigianale e la natura.<\/p>\n<p>Ogni vasetto racconta la nostra storia: quella di due giovani che hanno scelto di investire nel territorio e nel futuro.<\/p>\n<\/div>\n<ul>\n<li>\n<p>        <img decoding=\"async\" src=\"\/wp-content\/uploads\/2025\/09\/IMG-20191022-WA0002.jpg\" alt=\"\"><\/p>\n<\/li>\n<li>\n<p>        <img decoding=\"async\" src=\"\/wp-content\/uploads\/2025\/09\/IMG-20190922-WA0008.jpg\" alt=\"\"><\/p>\n<\/li>\n<li>\n<p>        <img decoding=\"async\" src=\"\/wp-content\/uploads\/2025\/09\/IMG20221004215306-scaled.jpg\" alt=\"\"><\/p>\n<\/li>\n<li>\n<p>        <img decoding=\"async\" src=\"\/wp-content\/uploads\/2025\/09\/IMG20221113174518-scaled.jpg\" alt=\"\"><\/p>\n<\/li>\n<\/ul>\n<h2>Le nostre variet\u00e0<\/h2>\n<div>Offriamo variet\u00e0 di miele come millefiori, acacia, coriandolo, sulla e castagno, confezionati con cura in vasetti eleganti e caratterizzati da un\u2019identit\u00e0 visiva fresca, giovane e autentica. Siamo felici di condividere con voi il risultato del nostro lavoro, fatto \u201cad opera d\u2019Ape\u201d, con passione, qualit\u00e0 e amore per la terra.<\/div>\n<p><p>\n        <a href=\"\/?page_id=874\">Scopri i nostri mieli<\/a>\n    <\/p>\n<\/p>\n<p><img decoding=\"async\" src=\"\/wp-content\/uploads\/2025\/08\/iStock-489756842-scaled.jpg\" alt=\"\"><br \/>\n<img decoding=\"async\" src=\"\/wp-content\/uploads\/2025\/09\/opera-dape-logo.png\" alt=\"\"><\/p>\n<p><!--more--><br \/>\n<!-- {\"type\":\"layout\",\"children\":[{\"type\":\"section\",\"props\":{\"animation\":\"fade\",\"image_position\":\"center-center\",\"padding\":\"large\",\"padding_remove_bottom\":true,\"style\":\"default\",\"title_breakpoint\":\"xl\",\"title_position\":\"top-left\",\"title_rotation\":\"left\",\"vertical_align\":\"\",\"width\":\"\"},\"children\":[{\"type\":\"row\",\"props\":{\"margin\":\"remove-vertical\"},\"children\":[{\"type\":\"column\",\"props\":{\"image_position\":\"center-center\",\"position_sticky_breakpoint\":\"m\"},\"children\":[{\"type\":\"image\",\"props\":{\"animation\":\"slide-right-small\",\"css\":\".el-image { max-width: 27vw; }\",\"image\":\"wp-content\\\/uploads\\\/2025\\\/06\\\/favicon.svg\",\"image_height\":\"570\",\"image_loading\":true,\"image_svg_color\":\"emphasis\",\"image_svg_inline\":true,\"image_width\":\"570\",\"margin\":\"default\",\"position\":\"absolute\",\"position_right\":\"-130\",\"position_top\":\"-110\",\"position_z_index\":\"0\",\"text_align\":\"right\",\"visibility\":\"m\"},\"modified\":\"2021-01-11T14:50:55.084Z\"}]}]},{\"type\":\"row\",\"props\":{\"column_gap\":\"large\",\"layout\":\"2-3,1-3\",\"margin\":\"default\",\"margin_remove_top\":true,\"width\":\"large\"},\"children\":[{\"type\":\"column\",\"props\":{\"image_position\":\"center-center\",\"position_sticky_breakpoint\":\"m\",\"width_medium\":\"2-3\"},\"children\":[{\"type\":\"headline\",\"props\":{\"animation\":\"none\",\"content\":\"Noi e il miele\",\"text_align\":\"left\",\"title_element\":\"h1\",\"title_style\":\"heading-small\"}},{\"type\":\"image\",\"props\":{\"animation\":\"none\",\"image\":\"wp-content\\\/uploads\\\/2025\\\/09\\\/luigi-e-veronica.png\",\"image_loading\":true,\"image_svg_color\":\"emphasis\",\"image_width\":\"910\",\"margin\":\"default\"}}]},{\"type\":\"column\",\"props\":{\"image_position\":\"center-center\",\"position_sticky_breakpoint\":\"m\",\"vertical_align\":\"middle\",\"width_medium\":\"1-3\"},\"children\":[{\"type\":\"headline\",\"props\":{\"animation\":\"slide-top-small\",\"content\":\"Ad Opera d'Ape\",\"margin\":\"small\",\"margin_remove_bottom\":true,\"margin_remove_top\":false,\"title_color\":\"primary\",\"title_element\":\"div\",\"title_style\":\"h6\"}},{\"type\":\"headline\",\"props\":{\"content\":\"Chi siamo\",\"margin\":\"small\",\"margin_remove_bottom\":false,\"margin_remove_top\":true,\"title_element\":\"h2\"}},{\"type\":\"divider\",\"props\":{\"divider_element\":\"hr\",\"divider_style\":\"small\",\"margin_remove_top\":true}},{\"type\":\"text\",\"props\":{\"column_breakpoint\":\"m\",\"content\":\"\n\n<p>Siamo Luigi Tieri e Veronica Ciallella, una coppia nella vita e nel lavoro, uniti da una passione comune: le api e il miele di qualit\\u00e0.<\\\/p>\\n\n\n<p>Cos\\u00ec \\u00e8 nata Ad opera d\\u2019Ape, la nostra azienda apistica con sede a Tornareccio, la \\u201ccapitale abruzzese del miele\\u201d. La nostra avventura \\u00e8 iniziata con pochi sciami e tanta voglia di imparare.<\\\/p>\\n\n\n<p>Oggi contiamo oltre 200 alveari e produciamo miele genuino, rispettando i ritmi della natura e la tradizione del nostro territorio.<\\\/p>\",\"margin\":\"default\"}}]}]},{\"type\":\"row\",\"props\":{\"column_gap\":\"large\",\"layout\":\"2-3,1-3\",\"margin\":\"xlarge\",\"width\":\"large\"},\"children\":[{\"type\":\"column\",\"props\":{\"image_position\":\"center-center\",\"position_sticky_breakpoint\":\"m\",\"vertical_align\":\"middle\",\"width_medium\":\"2-3\"},\"children\":[{\"type\":\"grid\",\"props\":{\"animation\":\"none\",\"content_column_breakpoint\":\"m\",\"filter_align\":\"left\",\"filter_all\":true,\"filter_grid_breakpoint\":\"m\",\"filter_grid_width\":\"auto\",\"filter_position\":\"top\",\"filter_style\":\"tab\",\"grid_column_gap\":\"small\",\"grid_default\":\"1\",\"grid_medium\":\"\",\"grid_row_gap\":\"small\",\"grid_small\":\"2\",\"icon_width\":80,\"image_align\":\"top\",\"image_grid_breakpoint\":\"m\",\"image_grid_width\":\"1-2\",\"image_loading\":true,\"image_svg_color\":\"emphasis\",\"image_width\":\"610\",\"item_animation\":true,\"lightbox_bg_close\":true,\"link_style\":\"default\",\"link_text\":\"Read more\",\"margin\":\"default\",\"meta_align\":\"below-title\",\"meta_element\":\"div\",\"meta_style\":\"text-meta\",\"parallax_easing\":\"1\",\"show_content\":true,\"show_hover_image\":true,\"show_hover_video\":true,\"show_image\":true,\"show_link\":true,\"show_meta\":true,\"show_title\":true,\"show_video\":true,\"title_align\":\"top\",\"title_element\":\"h3\",\"title_grid_breakpoint\":\"m\",\"title_grid_width\":\"1-2\",\"title_hover_style\":\"reset\"},\"children\":[{\"type\":\"grid_item\",\"props\":{\"image\":\"wp-content\\\/uploads\\\/2025\\\/09\\\/IMG-20190829-WA0002.jpg\"}},{\"type\":\"grid_item\",\"props\":{\"image\":\"wp-content\\\/uploads\\\/2025\\\/09\\\/IMG-20190829-WA0000.jpg\"}}]}]},{\"type\":\"column\",\"props\":{\"image_position\":\"center-center\",\"order_first\":\"m\",\"position_sticky_breakpoint\":\"m\",\"vertical_align\":\"middle\",\"width_medium\":\"1-3\"},\"children\":[{\"type\":\"headline\",\"props\":{\"animation\":\"fade\",\"content\":\"Le nostre radici\",\"margin\":\"small\",\"margin_remove_top\":true,\"title_element\":\"h2\"}},{\"type\":\"divider\",\"props\":{\"divider_element\":\"hr\",\"divider_style\":\"small\",\"margin_remove_top\":true}},{\"type\":\"text\",\"props\":{\"animation\":\"fade\",\"column_breakpoint\":\"m\",\"content\":\"\n\n<p>Luigi, originario proprio di Tornareccio, ha respirato sin da piccolo il profumo dei fiori e il ronzio delle api. P<\\\/p>\\n\n\n<p>ur non provenendo da una famiglia di apicoltori, ha scelto nel 2012 di intraprendere questo mestiere con dedizione e curiosit\\u00e0, affiancando negli anni apicoltori esperti del posto, che gli hanno trasmesso tutto ci\\u00f2 che oggi mette in pratica.<\\\/p>\",\"margin\":\"default\"}}]}]},{\"type\":\"row\",\"props\":{\"column_gap\":\"large\",\"layout\":\"2-3,1-3\",\"margin\":\"xlarge\",\"width\":\"large\"},\"children\":[{\"type\":\"column\",\"props\":{\"image_position\":\"center-center\",\"position_sticky_breakpoint\":\"m\",\"vertical_align\":\"middle\",\"width_medium\":\"2-3\"},\"children\":[{\"type\":\"grid\",\"props\":{\"animation\":\"none\",\"content_column_breakpoint\":\"m\",\"filter_align\":\"left\",\"filter_all\":true,\"filter_grid_breakpoint\":\"m\",\"filter_grid_width\":\"auto\",\"filter_position\":\"top\",\"filter_style\":\"tab\",\"grid_column_gap\":\"small\",\"grid_default\":\"1\",\"grid_medium\":\"\",\"grid_row_gap\":\"small\",\"grid_small\":\"2\",\"icon_width\":80,\"image_align\":\"top\",\"image_grid_breakpoint\":\"m\",\"image_grid_width\":\"1-2\",\"image_svg_color\":\"emphasis\",\"image_width\":\"610\",\"item_animation\":true,\"lightbox_bg_close\":true,\"link_style\":\"default\",\"link_text\":\"Read more\",\"margin\":\"default\",\"meta_align\":\"below-title\",\"meta_element\":\"div\",\"meta_style\":\"text-meta\",\"parallax_easing\":\"1\",\"show_content\":true,\"show_hover_image\":true,\"show_hover_video\":true,\"show_image\":true,\"show_link\":true,\"show_meta\":true,\"show_title\":true,\"show_video\":true,\"title_align\":\"top\",\"title_element\":\"h3\",\"title_grid_breakpoint\":\"m\",\"title_grid_width\":\"1-2\",\"title_hover_style\":\"reset\"},\"children\":[{\"type\":\"grid_item\",\"props\":{\"image\":\"wp-content\\\/uploads\\\/2025\\\/09\\\/IMG-20190921-WA0024.jpg\"}},{\"type\":\"grid_item\",\"props\":{\"image\":\"wp-content\\\/uploads\\\/2025\\\/09\\\/IMG-20190921-WA0017.jpg\"}}]}]},{\"type\":\"column\",\"props\":{\"image_position\":\"center-center\",\"position_sticky_breakpoint\":\"m\",\"vertical_align\":\"middle\",\"width_medium\":\"1-3\"},\"children\":[{\"type\":\"headline\",\"props\":{\"content\":\"Il cuore dell\\u2019azienda\",\"margin\":\"small\",\"margin_remove_top\":true,\"title_element\":\"h2\"}},{\"type\":\"divider\",\"props\":{\"divider_element\":\"hr\",\"divider_style\":\"small\",\"margin_remove_top\":true}},{\"type\":\"text\",\"props\":{\"column_breakpoint\":\"m\",\"content\":\"Veronica \\u00e8 l\\u2019anima operativa del laboratorio di via del Carmine: si occupa della lavorazione del miele in ogni fase \\u2013 dalla disopercolatura all'invasettamento \\u2013 con attenzione, precisione e amore per il dettaglio. Il laboratorio, ricavato da un ex garage e oggi completamente ristrutturato, \\u00e8 il cuore pulsante della nostra azienda: un ambiente accogliente, conforme a tutte le normative, dove nasce il nostro miele.\",\"margin\":\"default\"}}]}]},{\"type\":\"row\",\"props\":{\"column_gap\":\"large\",\"layout\":\"2-3,1-3\",\"margin\":\"xlarge\",\"width\":\"large\"},\"children\":[{\"type\":\"column\",\"props\":{\"image_position\":\"center-center\",\"position_sticky_breakpoint\":\"m\",\"vertical_align\":\"middle\",\"width_medium\":\"2-3\"},\"children\":[{\"type\":\"grid\",\"props\":{\"animation\":\"none\",\"content_column_breakpoint\":\"m\",\"filter_align\":\"left\",\"filter_all\":true,\"filter_grid_breakpoint\":\"m\",\"filter_grid_width\":\"auto\",\"filter_position\":\"top\",\"filter_style\":\"tab\",\"grid_column_gap\":\"small\",\"grid_default\":\"1\",\"grid_medium\":\"\",\"grid_row_gap\":\"small\",\"grid_small\":\"2\",\"icon_width\":80,\"image_align\":\"top\",\"image_grid_breakpoint\":\"m\",\"image_grid_width\":\"1-2\",\"image_loading\":true,\"image_svg_color\":\"emphasis\",\"image_width\":\"610\",\"item_animation\":true,\"lightbox_bg_close\":true,\"link_style\":\"default\",\"link_text\":\"Read more\",\"margin\":\"default\",\"meta_align\":\"below-title\",\"meta_element\":\"div\",\"meta_style\":\"text-meta\",\"parallax_easing\":\"1\",\"show_content\":true,\"show_hover_image\":true,\"show_hover_video\":true,\"show_image\":true,\"show_link\":true,\"show_meta\":true,\"show_title\":true,\"show_video\":true,\"title_align\":\"top\",\"title_element\":\"h3\",\"title_grid_breakpoint\":\"m\",\"title_grid_width\":\"1-2\",\"title_hover_style\":\"reset\"},\"children\":[{\"type\":\"grid_item\",\"props\":{\"image\":\"wp-content\\\/uploads\\\/2025\\\/09\\\/nomadismo.jpg\"}},{\"type\":\"grid_item\",\"props\":{\"image\":\"wp-content\\\/uploads\\\/2025\\\/09\\\/IMG20210518201357.jpg\"}}]}]},{\"type\":\"column\",\"props\":{\"image_position\":\"center-center\",\"order_first\":\"m\",\"position_sticky_breakpoint\":\"m\",\"vertical_align\":\"middle\",\"width_medium\":\"1-3\"},\"children\":[{\"type\":\"headline\",\"props\":{\"animation\":\"fade\",\"content\":\"Il nostro metodo\",\"margin\":\"small\",\"margin_remove_top\":true,\"title_element\":\"h2\"}},{\"type\":\"divider\",\"props\":{\"divider_element\":\"hr\",\"divider_style\":\"small\",\"margin_remove_top\":true}},{\"type\":\"text\",\"props\":{\"animation\":\"fade\",\"column_breakpoint\":\"m\",\"content\":\"\n\n<p><strong>Siamo apicoltori nomadi<\\\/strong>: spostiamo le arnie seguendo la fioritura delle diverse piante, dall\\u2019acacia al girasole, dall\\u2019arancio fino all\\u2019eucalipto.<\\\/p>\\n\n\n<p>Questo ci permette di offrire mieli monoflora unici, che rispecchiano fedelmente i profumi e i sapori dei luoghi in cui vengono raccolti.<\\\/p>\\n\n\n<p>Il nomadismo richiede impegno, cura e attenzione costante, ma ci regala la soddisfazione di portare sulle vostre tavole la vera essenza della natura, in tutta la sua variet\\u00e0.<\\\/p>\",\"margin\":\"default\"}}]}]},{\"type\":\"row\",\"props\":{\"layout\":\"1-3,2-3\",\"margin\":\"default\",\"width\":\"large\"},\"children\":[{\"type\":\"column\",\"props\":{\"image_position\":\"center-center\",\"position_sticky_breakpoint\":\"m\",\"width_medium\":\"1-3\"},\"children\":[{\"type\":\"headline\",\"props\":{\"content\":\"Il nostro miele\",\"margin\":\"small\",\"title_element\":\"h2\"}},{\"type\":\"divider\",\"props\":{\"divider_element\":\"hr\",\"divider_style\":\"small\",\"margin_remove_top\":true}}]},{\"type\":\"column\",\"props\":{\"image_position\":\"center-center\",\"position_sticky_breakpoint\":\"m\",\"width_medium\":\"2-3\"},\"children\":[{\"type\":\"text\",\"props\":{\"animation\":\"fade\",\"column_breakpoint\":\"m\",\"content\":\"\n\n<p>Ad opera d\\u2019Ape \\u00e8 molto pi\\u00f9 di un\\u2019impresa: \\u00e8 il frutto di un sogno condiviso, cresciuto lentamente ma con costanza, guidato dalla passione per il lavoro artigianale e la natura.<\\\/p>\\n\n\n<p>Ogni vasetto racconta la nostra storia: quella di due giovani che hanno scelto di investire nel territorio e nel futuro.<\\\/p>\",\"margin\":\"\",\"maxwidth\":\"xlarge\",\"maxwidth_breakpoint\":\"m\"}}]}]},{\"type\":\"row\",\"props\":{\"margin\":\"large\"},\"children\":[{\"type\":\"column\",\"props\":{\"image_position\":\"center-center\",\"position_sticky_breakpoint\":\"m\"},\"children\":[{\"type\":\"overlay-slider\",\"props\":{\"animation\":\"none\",\"css\":\"@media (max-width: 960px) {\\n\\t\\n    :has(> .el-item) {\\n\\t\\twidth: 66%;\\n\\t}\\n    \\n}\",\"image_height\":\"600\",\"link_style\":\"default\",\"link_text\":\"\",\"margin\":\"default\",\"meta_align\":\"below-title\",\"meta_element\":\"div\",\"meta_style\":\"text-meta\",\"nav\":\"\",\"nav_align\":\"center\",\"nav_below\":true,\"nav_breakpoint\":\"s\",\"nav_position\":\"bottom-center\",\"nav_position_margin\":\"medium\",\"overlay_link\":true,\"overlay_mode\":\"cover\",\"overlay_position\":\"center\",\"overlay_transition\":\"fade\",\"show_content\":true,\"show_hover_image\":true,\"show_hover_video\":true,\"show_link\":true,\"show_meta\":true,\"show_title\":true,\"slidenav\":\"default\",\"slidenav_breakpoint\":\"s\",\"slidenav_margin\":\"medium\",\"slidenav_outside_breakpoint\":\"xl\",\"slider_autoplay_pause\":true,\"slider_center\":true,\"slider_gap\":\"small\",\"slider_width\":\"\",\"slider_width_default\":\"1-1\",\"slider_width_medium\":\"1-2\",\"text_align\":\"center\",\"text_color\":\"light\",\"title_element\":\"h3\",\"title_hover_style\":\"reset\"},\"children\":[{\"type\":\"overlay-slider_item\",\"props\":{\"image\":\"wp-content\\\/uploads\\\/2025\\\/09\\\/IMG-20191022-WA0002.jpg\"}},{\"type\":\"overlay-slider_item\",\"props\":{\"image\":\"wp-content\\\/uploads\\\/2025\\\/09\\\/IMG-20190922-WA0008.jpg\"}},{\"type\":\"overlay-slider_item\",\"props\":{\"image\":\"wp-content\\\/uploads\\\/2025\\\/09\\\/IMG20221004215306-scaled.jpg\"}},{\"type\":\"overlay-slider_item\",\"props\":{\"image\":\"wp-content\\\/uploads\\\/2025\\\/09\\\/IMG20221113174518-scaled.jpg\"}}]}]}]}],\"name\":\"Benefits\"},{\"type\":\"section\",\"props\":{\"animation\":\"fade\",\"image_position\":\"center-center\",\"style\":\"default\",\"title_breakpoint\":\"xl\",\"title_position\":\"top-left\",\"title_rotation\":\"left\",\"vertical_align\":\"\",\"width\":\"large\"},\"children\":[{\"type\":\"row\",\"children\":[{\"type\":\"column\",\"props\":{\"image_position\":\"center-center\",\"position_sticky_breakpoint\":\"m\",\"vertical_align\":\"middle\",\"width_medium\":\"1-3\"},\"children\":[{\"type\":\"headline\",\"props\":{\"content\":\"Le nostre variet\\u00e0\",\"margin\":\"default\",\"maxwidth\":\"large\",\"maxwidth_breakpoint\":\"m\",\"text_align\":\"left\",\"text_align_breakpoint\":\"s\",\"text_align_fallback\":\"center\",\"title_color\":\"primary\",\"title_element\":\"h2\"}},{\"type\":\"text\",\"props\":{\"column_breakpoint\":\"m\",\"content\":\"Offriamo variet\\u00e0 di miele come millefiori, acacia, coriandolo, sulla e castagno, confezionati con cura in vasetti eleganti e caratterizzati da un\\u2019identit\\u00e0 visiva fresca, giovane e autentica. Siamo felici di condividere con voi il risultato del nostro lavoro, fatto \\u201cad opera d\\u2019Ape\\u201d, con passione, qualit\\u00e0 e amore per la terra.\",\"margin\":\"default\",\"maxwidth\":\"large\",\"maxwidth_breakpoint\":\"m\",\"text_align\":\"left\",\"text_align_breakpoint\":\"s\",\"text_align_fallback\":\"center\"}},{\"type\":\"button\",\"props\":{\"grid_column_gap\":\"small\",\"grid_row_gap\":\"small\",\"margin\":\"default\"},\"children\":[{\"type\":\"button_item\",\"props\":{\"button_style\":\"primary\",\"content\":\"Scopri i nostri mieli\",\"dialog_layout\":\"modal\",\"dialog_offcanvas_flip\":true,\"icon_align\":\"left\",\"link\":\"?page_id=874\"}}]}]},{\"type\":\"column\",\"props\":{\"image_position\":\"center-center\",\"position_sticky_breakpoint\":\"m\",\"vertical_align\":\"middle\",\"width_medium\":\"2-3\"},\"children\":[{\"type\":\"image\",\"props\":{\"image\":\"wp-content\\\/uploads\\\/2025\\\/08\\\/iStock-489756842-scaled.jpg\",\"image_svg_color\":\"emphasis\",\"margin\":\"default\"}}]}],\"props\":{\"column_gap\":\"large\",\"layout\":\"1-3,2-3\",\"margin\":\"large\"}}],\"name\":\"Awards\"},{\"type\":\"section\",\"props\":{\"animation\":\"fade\",\"image\":\"wp-content\\\/uploads\\\/2025\\\/09\\\/about-bg.webp\",\"image_position\":\"center-center\",\"image_size\":\"cover\",\"image_width\":\"2560\",\"media_overlay\":\"rgba(0, 0, 0, 0.33)\",\"padding\":\"xlarge\",\"style\":\"default\",\"title_breakpoint\":\"xl\",\"title_position\":\"top-left\",\"title_rotation\":\"left\",\"vertical_align\":\"\",\"width\":\"\"},\"children\":[{\"type\":\"row\",\"props\":{\"width\":\"large\"},\"children\":[{\"type\":\"column\",\"props\":{\"image_position\":\"center-center\",\"position_sticky_breakpoint\":\"m\",\"text_color\":\"light\"},\"children\":[{\"type\":\"image\",\"props\":{\"image\":\"wp-content\\\/uploads\\\/2025\\\/09\\\/opera-dape-logo.png\",\"image_svg_color\":\"emphasis\",\"margin\":\"default\"}}]}]}],\"name\":\"About\"}],\"version\":\"4.5.25\"} --><\/p>\n","protected":false},"excerpt":{"rendered":"<p>Noi e il miele Ad Opera d&#8217;Ape Chi siamo Siamo Luigi Tieri e Veronica Ciallella, una coppia nella vita e nel lavoro, uniti da una passione comune: le api e il miele di qualit\u00e0. Cos\u00ec \u00e8 nata Ad opera d\u2019Ape, la nostra azienda apistica con sede a Tornareccio, la \u201ccapitale abruzzese del miele\u201d. La nostra [&hellip;]<\/p>\n","protected":false},"author":1,"featured_media":0,"parent":0,"menu_order":3,"comment_status":"closed","ping_status":"closed","template":"","meta":{"_acf_changed":false,"footnotes":""},"class_list":["post-19","page","type-page","status-publish","hentry"],"acf":[],"_links":{"self":[{"href":"https:\/\/adoperadape.it\/index.php?rest_route=\/wp\/v2\/pages\/19","targetHints":{"allow":["GET"]}}],"collection":[{"href":"https:\/\/adoperadape.it\/index.php?rest_route=\/wp\/v2\/pages"}],"about":[{"href":"https:\/\/adoperadape.it\/index.php?rest_route=\/wp\/v2\/types\/page"}],"author":[{"embeddable":true,"href":"https:\/\/adoperadape.it\/index.php?rest_route=\/wp\/v2\/users\/1"}],"replies":[{"embeddable":true,"href":"https:\/\/adoperadape.it\/index.php?rest_route=%2Fwp%2Fv2%2Fcomments&post=19"}],"version-history":[{"count":11,"href":"https:\/\/adoperadape.it\/index.php?rest_route=\/wp\/v2\/pages\/19\/revisions"}],"predecessor-version":[{"id":2564,"href":"https:\/\/adoperadape.it\/index.php?rest_route=\/wp\/v2\/pages\/19\/revisions\/2564"}],"wp:attachment":[{"href":"https:\/\/adoperadape.it\/index.php?rest_route=%2Fwp%2Fv2%2Fmedia&parent=19"}],"curies":[{"name":"wp","href":"https:\/\/api.w.org\/{rel}","templated":true}]}}