{"id":2498,"date":"2025-09-01T14:26:07","date_gmt":"2025-09-01T12:26:07","guid":{"rendered":"https:\/\/adoperadape.it\/?post_type=product&#038;p=2498"},"modified":"2026-02-13T16:21:13","modified_gmt":"2026-02-13T14:21:13","slug":"miele-millefiori","status":"publish","type":"product","link":"https:\/\/adoperadape.it\/?product=miele-millefiori","title":{"rendered":"Miele Millefiori"},"content":{"rendered":"<h3>Cenni di Botanica e Caratteristiche<\/h3>\n<p>Prodotto da pi\u00f9 tipi di fiori, \u00e8 uno dei mieli pi\u00f9 comuni e diffusi. Assume caratteristiche peculiari a seconda della zona di raccolta, con profumi e sapori variabili (es. rododendro in alta montagna, cardo in zone mediterranee). La consistenza pu\u00f2 essere liquida o cristallizzata a seconda delle fioriture predominanti (acacia, castagno, bosco).<\/p>\n<h3>Zona di Produzione<\/h3>\n<p>Abruzzo, in aree con moltitudine di fiori (pianura, collina, montagna).<\/p>\n<h3>Analisi Descrittiva Organolettica<\/h3>\n<ul>\n<li><strong>Colore:<\/strong> Chiaro e trasparente (dolce e delicato) o scuro e ambrato (sapore deciso, simile alla melata).<\/li>\n<li><strong>Aroma:<\/strong> Floreale, fruttato, con note di frutta candita.<\/li>\n<li><strong>Sapore:<\/strong> Dolce, fruttato, floreale, con variazione da molto dolce all&#8217;amaro.<\/li>\n<\/ul>\n<h3>Uso in Cucina<\/h3>\n<p>Ideale per bevande calde, yogurt, gelati, dolci, insalate e abbinamenti con formaggi.<\/p>\n","protected":false},"excerpt":{"rendered":"<p>Scopri il Miele di Millefiori, un mix unico di profumi e sapori che racchiude l&#8217;essenza del territorio. Ricco di minerali e antiossidanti, perfetto per dolci, bevande e abbinamenti salati.<\/p>\n","protected":false},"featured_media":2537,"comment_status":"open","ping_status":"closed","template":"","meta":{"_acf_changed":false},"product_brand":[],"product_cat":[16],"product_tag":[],"class_list":{"0":"post-2498","1":"product","2":"type-product","3":"status-publish","4":"has-post-thumbnail","6":"product_cat-miele","8":"first","9":"instock","10":"taxable","11":"shipping-taxable","12":"purchasable","13":"product-type-variable","14":"has-default-attributes"},"acf":[],"_links":{"self":[{"href":"https:\/\/adoperadape.it\/index.php?rest_route=\/wp\/v2\/product\/2498","targetHints":{"allow":["GET"]}}],"collection":[{"href":"https:\/\/adoperadape.it\/index.php?rest_route=\/wp\/v2\/product"}],"about":[{"href":"https:\/\/adoperadape.it\/index.php?rest_route=\/wp\/v2\/types\/product"}],"replies":[{"embeddable":true,"href":"https:\/\/adoperadape.it\/index.php?rest_route=%2Fwp%2Fv2%2Fcomments&post=2498"}],"wp:featuredmedia":[{"embeddable":true,"href":"https:\/\/adoperadape.it\/index.php?rest_route=\/wp\/v2\/media\/2537"}],"wp:attachment":[{"href":"https:\/\/adoperadape.it\/index.php?rest_route=%2Fwp%2Fv2%2Fmedia&parent=2498"}],"wp:term":[{"taxonomy":"product_brand","embeddable":true,"href":"https:\/\/adoperadape.it\/index.php?rest_route=%2Fwp%2Fv2%2Fproduct_brand&post=2498"},{"taxonomy":"product_cat","embeddable":true,"href":"https:\/\/adoperadape.it\/index.php?rest_route=%2Fwp%2Fv2%2Fproduct_cat&post=2498"},{"taxonomy":"product_tag","embeddable":true,"href":"https:\/\/adoperadape.it\/index.php?rest_route=%2Fwp%2Fv2%2Fproduct_tag&post=2498"}],"curies":[{"name":"wp","href":"https:\/\/api.w.org\/{rel}","templated":true}]}}